{"id":3,"date":"2022-06-08T18:56:46","date_gmt":"2022-06-08T16:56:46","guid":{"rendered":"http:\/\/kdpg-partners.pl\/?page_id=3"},"modified":"2022-07-06T07:49:24","modified_gmt":"2022-07-06T05:49:24","slug":"polityka-prywatnosci","status":"publish","type":"page","link":"https:\/\/kdpg-partners.pl\/index.php\/polityka-prywatnosci\/","title":{"rendered":"Polityka prywatno\u015bci"},"content":{"rendered":"\t\t<div data-elementor-type=\"wp-page\" data-elementor-id=\"3\" class=\"elementor elementor-3\">\n\t\t\t\t\t\t\t\t\t<section class=\"elementor-section elementor-top-section elementor-element elementor-element-10727d35 elementor-section-boxed elementor-section-height-default elementor-section-height-default\" data-id=\"10727d35\" data-element_type=\"section\">\n\t\t\t\t\t\t<div class=\"elementor-container elementor-column-gap-default\">\n\t\t\t\t\t<div class=\"elementor-column elementor-col-100 elementor-top-column elementor-element elementor-element-3ebf00cf\" data-id=\"3ebf00cf\" data-element_type=\"column\">\n\t\t\t<div class=\"elementor-widget-wrap elementor-element-populated\">\n\t\t\t\t\t\t\t\t<div class=\"elementor-element elementor-element-6d4456ff elementor-widget elementor-widget-text-editor\" data-id=\"6d4456ff\" data-element_type=\"widget\" data-widget_type=\"text-editor.default\">\n\t\t\t\t<div class=\"elementor-widget-container\">\n\t\t\t<style>\/*! elementor - v3.6.6 - 08-06-2022 *\/\n.elementor-widget-text-editor.elementor-drop-cap-view-stacked .elementor-drop-cap{background-color:#818a91;color:#fff}.elementor-widget-text-editor.elementor-drop-cap-view-framed .elementor-drop-cap{color:#818a91;border:3px solid;background-color:transparent}.elementor-widget-text-editor:not(.elementor-drop-cap-view-default) .elementor-drop-cap{margin-top:8px}.elementor-widget-text-editor:not(.elementor-drop-cap-view-default) .elementor-drop-cap-letter{width:1em;height:1em}.elementor-widget-text-editor .elementor-drop-cap{float:left;text-align:center;line-height:1;font-size:50px}.elementor-widget-text-editor .elementor-drop-cap-letter{display:inline-block}<\/style>\t\t\t\t<p><span style=\"font-size: 20px;\"><strong>Polityka prywatno\u015bci<\/strong><\/span><\/p>\n<p><span style=\"text-decoration: underline;\"><strong>I. Postanowienia Og\u00f3lne<\/strong><\/span><\/p>\n<p>Administratorem danych jest <strong>Kancelaria Doradztwa Prawno-Gospodarczego, Ma\u0142gorzata G\u00f3rska &amp; Partners \u2013 Polityka prywatno\u015bci<\/strong>.<\/p>\n<p>Ochrona danych odbywa si\u0119 zgodnie z wymogami powszechnie obowi\u0105zuj\u0105cych przepis\u00f3w prawa, a ich przechowywanie ma miejsce na zabezpieczonych serwerach.<\/p>\n<ol>\n<li><strong> Definicje<\/strong><\/li>\n<li><strong>Administrator Danych<\/strong> \u2013 oznacza <strong>Kancelaria Doradztwa Prawno-Gospodarczego, Ma\u0142gorzata G\u00f3rska &amp; Partners \u2013 Polityka prywatno\u015bci<\/strong>, kt\u00f3re \u015bwiadczy us\u0142ugi drog\u0105 elektroniczn\u0105 oraz przechowuje i uzyskuje dost\u0119p do informacji w urz\u0105dzeniach U\u017cytkownika.<\/li>\n<li><strong>Cookies<\/strong> \u2013 oznacza dane informatyczne, w szczeg\u00f3lno\u015bci niewielkie pliki tekstowe, zapisywane i przechowywane na urz\u0105dzeniach, za po\u015brednictwem kt\u00f3rych U\u017cytkownik korzysta ze stron internetowych Serwisu.<\/li>\n<li><strong>Serwis<\/strong> \u2013 oznacza stron\u0119 internetow\u0105 lub aplikacj\u0119, pod kt\u00f3r\u0105 Administrator prowadzi serwis internetowy, dzia\u0142aj\u0105cy w domenie kdpg-partners.pl<\/li>\n<li><strong>Urz\u0105dzenie<\/strong> \u2013 oznacza elektroniczne urz\u0105dzenie za po\u015brednictwem, kt\u00f3rego U\u017cytkownik uzyskuje dost\u0119p do Serwisu.<\/li>\n<li><strong>U\u017cytkownik<\/strong> \u2013 oznacza podmiot, na rzecz kt\u00f3rego zgodnie z przepisami prawa mog\u0105 by\u0107 \u015bwiadczone us\u0142ugi drog\u0105 elektroniczn\u0105 lub z kt\u00f3rym zawarta mo\u017ce by\u0107 Umowa o \u015bwiadczenie us\u0142ug drog\u0105 elektroniczn\u0105.<\/li>\n<li><strong>RODO<\/strong> \u2013 oznacza Rozporz\u0105dzenie Parlamentu Europejskiego i Rady (UE) 2016\/679 z dnia 27 kwietnia 2016 r. w sprawie ochrony os\u00f3b fizycznych w zwi\u0105zku z przetwarzaniem danych osobowych i w sprawie swobodnego przep\u0142ywu takich danych oraz uchylenia dyrektywy 95\/46\/WE.<\/li>\n<\/ol>\n<p>Szanujemy prawo do prywatno\u015bci i dbamy o bezpiecze\u0144stwo danych. W tym celu u\u017cywany jest m.in. bezpieczny protok\u00f3\u0142 szyfrowania komunikacji (SSL).<\/p>\n<p>Dane osobowe podawane w formularzu s\u0105 traktowane jako poufne i nie s\u0105 widoczne dla os\u00f3b nieuprawnionych.<\/p>\n<p><span style=\"text-decoration: underline;\"><strong>II. Administrator Danych<\/strong><\/span><\/p>\n<p>Us\u0142ugodawca jest administratorem danych swoich klient\u00f3w. Oznacza to, \u017ce je\u015bli korzystasz z serwisu i zawartego w nim formularza kontaktowego, to przetwarzamy Twoje dane jak: imi\u0119, nazwisko, adres e-mail, numer telefonu, adres IP i inne podane w formularzu kontaktowym.<\/p>\n<p>Dane osobowe przetwarzane s\u0105:<\/p>\n<ol>\n<li>zgodnie z przepisami dotycz\u0105cymi ochrony danych osobowych,<\/li>\n<li>zgodnie z wdro\u017con\u0105 Polityk\u0105 Prywatno\u015bci,<\/li>\n<li>w zakresie i celu niezb\u0119dnym do nawi\u0105zania, ukszta\u0142towania tre\u015bci Umowy, zmiany b\u0105d\u017a jej rozwi\u0105zania oraz prawid\u0142owej realizacji Us\u0142ug \u015bwiadczonych drog\u0105 elektroniczn\u0105,<\/li>\n<\/ol>\n<p>Ka\u017cda osoba, kt\u00f3rej dane dotycz\u0105 ma prawo dost\u0119pu do danych, sprostowania, usuni\u0119cia lub ograniczenia przetwarzania, prawo sprzeciwu, prawo wniesienia skargi do organu nadzorczego.<\/p>\n<p>Kontakt z osob\u0105 nadzoruj\u0105c\u0105 przetwarzanie danych osobowych w organizacji Us\u0142ugodawcy jest mo\u017cliwy drog\u0105 elektroniczn\u0105 pod adresem e-mail: <a href=\"mailto:kontakt@kdpg-partners.pl\">kontakt@kdpg-partners.pl <\/a><\/p>\n<p>Zastrzegamy sobie prawo do przetwarzania Twoich danych po rozwi\u0105zaniu Umowy lub cofni\u0119ciu zgody tylko w zakresie na potrzeby dochodzenia ewentualnych roszcze\u0144 przed s\u0105dem lub je\u017celi przepisy krajowe albo unijne b\u0105d\u017a prawa mi\u0119dzynarodowego obliguj\u0105 nas do retencji danych.<\/p>\n<p>Us\u0142ugodawca ma prawo udost\u0119pnia\u0107 dane osobowe U\u017cytkownika oraz innych jego danych podmiotom upowa\u017cnionym na podstawie w\u0142a\u015bciwych przepis\u00f3w prawa (np. organom \u015bcigania).<\/p>\n<p>Usuni\u0119cie danych osobowych mo\u017ce nast\u0105pi\u0107 na skutek cofni\u0119cia zgody b\u0105d\u017a wniesienia prawnie dopuszczalnego sprzeciwu na przetwarzanie danych osobowych.<\/p>\n<p>Us\u0142ugodawca nie udost\u0119pniania danych osobowych innym podmiotom ani\u017celi upowa\u017cnionym na podstawie w\u0142a\u015bciwych przepis\u00f3w prawa.<\/p>\n<p><span style=\"text-decoration: underline;\"><strong>III. Pliki cookies<\/strong><\/span><\/p>\n<ol>\n<li style=\"list-style-type: none;\">\n<ol>\n<li>Witryna <a href=\"mailto:kontakt@kdpg-partners.pl\">kontakt@kdpg-partners.pl&nbsp; <\/a>u\u017cywa cookies. S\u0105 to niewielkie pliki tekstowe wysy\u0142ane przez serwer www i przechowywane przez oprogramowanie komputera przegl\u0105darki. Kiedy przegl\u0105darka ponownie po\u0142\u0105czy si\u0119 ze stron\u0105, witryna rozpoznaje rodzaj urz\u0105dzenia, z kt\u00f3rego \u0142\u0105czy si\u0119 u\u017cytkownik. Parametry pozwalaj\u0105 na odczytanie informacji w nich zawartych jedynie serwerowi, kt\u00f3ry je utworzy\u0142. Cookies u\u0142atwiaj\u0105 wi\u0119c korzystanie z wcze\u015bniej odwiedzonych witryn.<\/li>\n<li>Gromadzone informacje dotycz\u0105 adresu IP, typu wykorzystywanej przegl\u0105darki, j\u0119zyka, rodzaju systemu operacyjnego, dostawcy us\u0142ug internetowych, informacji o czasie i dacie, lokalizacji oraz informacji przesy\u0142anych do witryny za po\u015brednictwem formularza kontaktowego.<\/li>\n<li>Zebrane dane s\u0142u\u017c\u0105 do monitorowania i sprawdzenia, w jaki spos\u00f3b u\u017cytkownicy korzystaj\u0105 z naszych witryn, aby usprawnia\u0107 funkcjonowanie serwisu zapewniaj\u0105c bardziej efektywn\u0105 i bezproblemow\u0105 nawigacj\u0119. Monitorowania informacji o u\u017cytkownikach dokonujemy korzystaj\u0105c z narz\u0119dzia Google Analitics, kt\u00f3re rejestruje zachowanie u\u017cytkownika na stronie.<\/li>\n<li>Cookies identyfikuje u\u017cytkownika, co pozwala na dopasowanie tre\u015bci witryny, z kt\u00f3rej korzysta, do jego potrzeb. Zapami\u0119tuj\u0105c jego preferencje, umo\u017cliwia odpowiednie dopasowanie skierowanych do niego reklam. Stosujemy pliki cookies, aby zagwarantowa\u0107 najwy\u017cszy standard wygody naszego serwisu, a zebrane dane s\u0105 wykorzystywane jedynie wewn\u0105trz firmy <a href=\"mailto:kontakt@kdpg-partners.pl\">kdpg-partners.pl <\/a><\/li>\n<li>Na naszej witrynie wykorzystujemy w szczeg\u00f3lno\u015bci nast\u0119puj\u0105ce pliki cookies:<\/li>\n<\/ol>\n<\/li>\n<\/ol>\n<p>&#8211; pliki cookies s\u0142u\u017c\u0105ce do zapewnienia bezpiecze\u0144stwa, np. wykorzystywane do wykrywania nadu\u017cy\u0107 w zakresie uwierzytelniania w ramach serwisu;<br>&nbsp;&#8211; \u201ewydajno\u015bciowe\u201d pliki cookies, umo\u017cliwiaj\u0105ce zbieranie informacji o sposobie korzystania ze stron internetowych serwisu;<br>&nbsp;&#8211; \u201efunkcjonalne\u201d pliki cookies, umo\u017cliwiaj\u0105ce \u201ezapami\u0119tanie\u201d wybranych przez u\u017cytkownika ustawie\u0144 i personalizacj\u0119 interfejsu u\u017cytkownika, np. w zakresie wybranego j\u0119zyka lub regionu, z kt\u00f3rego pochodzi u\u017cytkownik, rozmiaru czcionki, wygl\u0105du strony internetowej itp.;<br>&#8211; \u201ereklamowe\u201d pliki cookies, umo\u017cliwiaj\u0105ce dostarczanie u\u017cytkownikom tre\u015bci reklamowych bardziej dostosowanych do ich zainteresowa\u0144.<\/p>\n<ol>\n<li>U\u017cytkownik w ka\u017cdej chwili ma mo\u017cliwo\u015b\u0107 wy\u0142\u0105czenia lub przywr\u00f3cenia opcji gromadzenia cookies poprzez zmian\u0119 ustawie\u0144 w przegl\u0105darce internetowej. Instrukcja zarz\u0105dzania plikami cookies jest dost\u0119pna w Internecie na stronie dotycz\u0105cej danej przegl\u0105darki internetowej (np. dla Chrome: <a href=\"https:\/\/policies.google.com\/technologies\/managing?hl=pL\">https:\/\/policies.google.com\/technologies\/managing?hl=pL<\/a><\/li>\n<li>Dodatkowe dane osobowe, jak adres e-mail, zbierane s\u0105 jedynie w miejscach, w kt\u00f3rych u\u017cytkownik wype\u0142niaj\u0105c formularz dobrowolnie go poda\u0142. Powy\u017csze dane zachowujemy i wykorzystujemy tylko do potrzeb niezb\u0119dnych do wykonania danej funkcji.<\/li>\n<\/ol>\t\t\t\t\t\t<\/div>\n\t\t\t\t<\/div>\n\t\t\t\t\t<\/div>\n\t\t<\/div>\n\t\t\t\t\t\t\t<\/div>\n\t\t<\/section>\n\t\t\t\t\t\t\t<\/div>\n\t\t","protected":false},"excerpt":{"rendered":"<p>Polityka prywatno\u015bci I. Postanowienia Og\u00f3lne Administratorem danych jest Kancelaria Doradztwa Prawno-Gospodarczego, Ma\u0142gorzata G\u00f3rska &amp; Partners \u2013 Polityka prywatno\u015bci. Ochrona danych odbywa si\u0119 zgodnie z wymogami powszechnie obowi\u0105zuj\u0105cych przepis\u00f3w prawa, a ich przechowywanie ma miejsce na zabezpieczonych serwerach. Definicje Administrator Danych \u2013 oznacza Kancelaria Doradztwa Prawno-Gospodarczego, Ma\u0142gorzata G\u00f3rska &amp; Partners \u2013 Polityka prywatno\u015bci, kt\u00f3re \u015bwiadczy us\u0142ugi&#8230;<\/p>\n","protected":false},"author":1,"featured_media":0,"parent":0,"menu_order":0,"comment_status":"closed","ping_status":"open","template":"page-single.php","meta":{"footnotes":""},"class_list":["post-3","page","type-page","status-publish","hentry"],"_links":{"self":[{"href":"https:\/\/kdpg-partners.pl\/index.php\/wp-json\/wp\/v2\/pages\/3","targetHints":{"allow":["GET"]}}],"collection":[{"href":"https:\/\/kdpg-partners.pl\/index.php\/wp-json\/wp\/v2\/pages"}],"about":[{"href":"https:\/\/kdpg-partners.pl\/index.php\/wp-json\/wp\/v2\/types\/page"}],"author":[{"embeddable":true,"href":"https:\/\/kdpg-partners.pl\/index.php\/wp-json\/wp\/v2\/users\/1"}],"replies":[{"embeddable":true,"href":"https:\/\/kdpg-partners.pl\/index.php\/wp-json\/wp\/v2\/comments?post=3"}],"version-history":[{"count":19,"href":"https:\/\/kdpg-partners.pl\/index.php\/wp-json\/wp\/v2\/pages\/3\/revisions"}],"predecessor-version":[{"id":21671,"href":"https:\/\/kdpg-partners.pl\/index.php\/wp-json\/wp\/v2\/pages\/3\/revisions\/21671"}],"wp:attachment":[{"href":"https:\/\/kdpg-partners.pl\/index.php\/wp-json\/wp\/v2\/media?parent=3"}],"curies":[{"name":"wp","href":"https:\/\/api.w.org\/{rel}","templated":true}]}}